{"id":23,"date":"2014-09-26T17:23:42","date_gmt":"2014-09-26T17:23:42","guid":{"rendered":"http:\/\/192.168.1.104\/enfold-photography\/?page_id=23"},"modified":"2024-10-08T02:08:36","modified_gmt":"2024-10-08T02:08:36","slug":"contact","status":"publish","type":"page","link":"https:\/\/tienganhdehoc.com\/?page_id=23","title":{"rendered":"LI\u00caN H\u1ec6"},"content":{"rendered":"<div id='av-layout-grid-1'  class='av-layout-grid-container av-83h5f-baded55152847a0484990c20a25e7c13 entry-content-wrapper main_color av-flex-cells  avia-builder-el-0  avia-builder-el-no-sibling   container_wrap fullsize'  >\n\n<style type=\"text\/css\" data-created_by=\"avia_inline_auto\" id=\"style-css-av-7950r-c8af55e7a891e6986fa1c0bd5e8ac764\">\n.flex_cell.av-7950r-c8af55e7a891e6986fa1c0bd5e8ac764{\nvertical-align:top;\n}\n.responsive #top #wrap_all .flex_cell.av-7950r-c8af55e7a891e6986fa1c0bd5e8ac764{\npadding:30px 30px 30px 30px !important;\n}\n<\/style>\n<div class='flex_cell av-7950r-c8af55e7a891e6986fa1c0bd5e8ac764 av-gridrow-cell av_one_half no_margin  avia-builder-el-1  el_before_av_cell_one_half  avia-builder-el-first '  ><div class='flex_cell_inner'><p>\n<style type=\"text\/css\" data-created_by=\"avia_inline_auto\" id=\"style-css-av-70etn-1838a7d9668d73c7ee7028374c621521\">\n#top .av-special-heading.av-70etn-1838a7d9668d73c7ee7028374c621521{\npadding-bottom:10px;\n}\nbody .av-special-heading.av-70etn-1838a7d9668d73c7ee7028374c621521 .av-special-heading-tag .heading-char{\nfont-size:25px;\n}\n.av-special-heading.av-70etn-1838a7d9668d73c7ee7028374c621521 .av-subheading{\nfont-size:15px;\n}\n<\/style>\n<div  class='av-special-heading av-70etn-1838a7d9668d73c7ee7028374c621521 av-special-heading-h3  avia-builder-el-2  el_before_av_contact  avia-builder-el-first '><h3 class='av-special-heading-tag '  itemprop=\"headline\"  >Get in Touch<\/h3><div class=\"special-heading-border\"><div class=\"special-heading-inner-border\"><\/div><\/div><\/div><br \/>\n<form action=\"https:\/\/tienganhdehoc.com\/?page_id=23\" method=\"post\" data-fields-with-error=\"Found errors in the following field(s):\" class=\"avia_ajax_form av-form-labels-visible   avia-builder-el-3  el_after_av_heading  avia-builder-el-last   \" data-avia-form-id=\"1\" data-avia-redirect='' ><fieldset><p class='  first_form  form_element form_element_half' id='element_avia_1_1'><label for=\"avia_1_1\">Name <abbr class=\"required\" title=\"required\">*<\/abbr><\/label> <input name=\"avia_1_1\" class=\"text_input is_empty\" type=\"text\" id=\"avia_1_1\" value=\"\" \/><\/p><p class='  form_element form_element_half' id='element_avia_2_1'><label for=\"avia_2_1\">E-Mail <abbr class=\"required\" title=\"required\">*<\/abbr><\/label> <input name=\"avia_2_1\" class=\"text_input is_email\" type=\"text\" id=\"avia_2_1\" value=\"\" \/><\/p><p class='  first_form  form_element form_fullwidth' id='element_avia_3_1'><label for=\"avia_3_1\">Subject <abbr class=\"required\" title=\"required\">*<\/abbr><\/label> <input name=\"avia_3_1\" class=\"text_input is_empty\" type=\"text\" id=\"avia_3_1\" value=\"\" \/><\/p><p class='  first_form  form_element form_fullwidth av-last-visible-form-element' id='element_avia_4_1'><label for=\"avia_4_1\" class=\"textare_label hidden textare_label_avia_4_1\">Message <abbr class=\"required\" title=\"required\">*<\/abbr><\/label><textarea  name=\"avia_4_1\" class=\"text_area is_empty\" cols=\"40\" rows=\"7\" id=\"avia_4_1\" ><\/textarea><\/p><p class=\"hidden\"><input type=\"text\" name=\"avia_5_1\" class=\"hidden \" id=\"avia_5_1\" value=\"\" \/><\/p><p class=\"form_element \"><input type=\"hidden\" value=\"1\" name=\"avia_generated_form1\" \/><input type=\"submit\" value=\"Submit\" class=\"button\"  data-sending-label=\"Sending\"\/><\/p><\/fieldset><\/form><div id=\"ajaxresponse_1\" class=\"ajaxresponse ajaxresponse_1 hidden\"><\/div><\/p>\n<\/div><\/div>\n<style type=\"text\/css\" data-created_by=\"avia_inline_auto\" id=\"style-css-av-3cifz-ed55397a29dec1a4e85adb12394028ba\">\n.flex_cell.av-3cifz-ed55397a29dec1a4e85adb12394028ba{\nvertical-align:top;\n}\n.responsive #top #wrap_all .flex_cell.av-3cifz-ed55397a29dec1a4e85adb12394028ba{\npadding:30px 30px 30px 30px !important;\n}\n<\/style>\n<div class='flex_cell av-3cifz-ed55397a29dec1a4e85adb12394028ba av-gridrow-cell av_one_half no_margin  avia-builder-el-4  el_after_av_cell_one_half  avia-builder-el-last '  ><div class='flex_cell_inner'><p>\n<style type=\"text\/css\" data-created_by=\"avia_inline_auto\" id=\"style-css-av-2ogjr-3f39f4e91c3a146756d92daf4c3411e0\">\n#top .av-special-heading.av-2ogjr-3f39f4e91c3a146756d92daf4c3411e0{\npadding-bottom:10px;\n}\nbody .av-special-heading.av-2ogjr-3f39f4e91c3a146756d92daf4c3411e0 .av-special-heading-tag .heading-char{\nfont-size:25px;\n}\n.av-special-heading.av-2ogjr-3f39f4e91c3a146756d92daf4c3411e0 .av-subheading{\nfont-size:15px;\n}\n<\/style>\n<div  class='av-special-heading av-2ogjr-3f39f4e91c3a146756d92daf4c3411e0 av-special-heading-h3  avia-builder-el-5  el_before_av_textblock  avia-builder-el-first '><h3 class='av-special-heading-tag '  itemprop=\"headline\"  >Details<\/h3><div class=\"special-heading-border\"><div class=\"special-heading-inner-border\"><\/div><\/div><\/div><br \/>\n<section  class='av_textblock_section av-276mv-2da210647987d7c82569554d63bbf66d '   itemscope=\"itemscope\" itemtype=\"https:\/\/schema.org\/CreativeWork\" ><div class='avia_textblock'  itemprop=\"text\" ><p><strong>Lec \u0110\u1ee9c L\u00ea<br \/>\nE-Mail:<\/strong> leanhducneu@gmail.com<br \/>\n<strong>Phone:<\/strong> 0912641072 (Call\/Zalo\/Viber)<\/p>\n<\/div><\/section><br \/>\n\n<style type=\"text\/css\" data-created_by=\"avia_inline_auto\" id=\"style-css-av-1cljz-908e7336448ee5366333c41231f481b9\">\n#top .av-special-heading.av-1cljz-908e7336448ee5366333c41231f481b9{\npadding-bottom:10px;\n}\nbody .av-special-heading.av-1cljz-908e7336448ee5366333c41231f481b9 .av-special-heading-tag .heading-char{\nfont-size:25px;\n}\n.av-special-heading.av-1cljz-908e7336448ee5366333c41231f481b9 .av-subheading{\nfont-size:15px;\n}\n<\/style>\n<div  class='av-special-heading av-1cljz-908e7336448ee5366333c41231f481b9 av-special-heading-h3  avia-builder-el-7  el_after_av_textblock  el_before_av_textblock '><h3 class='av-special-heading-tag '  itemprop=\"headline\"  >\u0110\u0103ng k\u00fd h\u1ecdc<\/h3><div class=\"special-heading-border\"><div class=\"special-heading-inner-border\"><\/div><\/div><\/div><br \/>\n<section  class='av_textblock_section av-16li7-06020d8ea17c1fcda11ee612ae2ce943 '   itemscope=\"itemscope\" itemtype=\"https:\/\/schema.org\/CreativeWork\" ><div class='avia_textblock'  itemprop=\"text\" ><p>H\u1ecdc vi\u00ean v\u00e0 ph\u1ee5 huynh c\u00f3 nhu c\u1ea7u h\u1ecdc c\u00e1c l\u1edbp h\u1ecdc online-offline vui l\u00f2ng li\u00ean h\u1ec7 theo c\u00e1c contact \u0111i\u1ec7n tho\u1ea1i\/email \u1edf tr\u00ean<\/p>\n<\/div><\/section><\/p>\n<\/div><\/div><\/div>\n","protected":false},"excerpt":{"rendered":"","protected":false},"author":1,"featured_media":0,"parent":0,"menu_order":0,"comment_status":"open","ping_status":"closed","template":"","meta":{"footnotes":""},"class_list":["post-23","page","type-page","status-publish","hentry"],"_links":{"self":[{"href":"https:\/\/tienganhdehoc.com\/index.php?rest_route=\/wp\/v2\/pages\/23","targetHints":{"allow":["GET"]}}],"collection":[{"href":"https:\/\/tienganhdehoc.com\/index.php?rest_route=\/wp\/v2\/pages"}],"about":[{"href":"https:\/\/tienganhdehoc.com\/index.php?rest_route=\/wp\/v2\/types\/page"}],"author":[{"embeddable":true,"href":"https:\/\/tienganhdehoc.com\/index.php?rest_route=\/wp\/v2\/users\/1"}],"replies":[{"embeddable":true,"href":"https:\/\/tienganhdehoc.com\/index.php?rest_route=%2Fwp%2Fv2%2Fcomments&post=23"}],"version-history":[{"count":5,"href":"https:\/\/tienganhdehoc.com\/index.php?rest_route=\/wp\/v2\/pages\/23\/revisions"}],"predecessor-version":[{"id":831,"href":"https:\/\/tienganhdehoc.com\/index.php?rest_route=\/wp\/v2\/pages\/23\/revisions\/831"}],"wp:attachment":[{"href":"https:\/\/tienganhdehoc.com\/index.php?rest_route=%2Fwp%2Fv2%2Fmedia&parent=23"}],"curies":[{"name":"wp","href":"https:\/\/api.w.org\/{rel}","templated":true}]}}