{"id":492,"date":"2024-09-11T14:19:10","date_gmt":"2024-09-11T14:19:10","guid":{"rendered":"https:\/\/tienganhdehoc.com\/?page_id=492"},"modified":"2024-09-12T06:32:36","modified_gmt":"2024-09-12T06:32:36","slug":"luyen-thi-ielts","status":"publish","type":"page","link":"https:\/\/tienganhdehoc.com\/?page_id=492","title":{"rendered":"LUY\u1ec6N THI IELTS"},"content":{"rendered":"<div id='av-masonry-1' class='av-masonry av-stmm-4d587e92d97d03ac8454e7fa7af33e80 noHover av-fixed-size av-large-gap av-hover-overlay-active av-masonry-animation-active av-masonry-col-flexible av-caption-always av-caption-style- av-masonry-entries ' data-post_id=\"492\"><div class='av-masonry-sort main_color av-sort-yes-tax' data-masonry-id='1' ><div class='av-current-sort-title'><span class=\"inner_sort_button\"><span>All<\/span><small class=\"avia-term-count\"> 11 <\/small><\/span><\/div><div class='av-sort-by-term  ' data-av-allowed-sort='[\"kien-thuc_sort\",\"tai-lieu-phuong-phap_sort\"]' ><a href=\"#\" data-filter=\"all_sort\" class=\"all_sort_button active_sort\"><span class=\"inner_sort_button\"><span>All<\/span><small class=\"avia-term-count\"> 11 <\/small><\/span><\/a><span class='text-sep bai-viet-moi_sort_sep avia_hide_sort'>\/<\/span><a href=\"#\" data-filter=\"bai-viet-moi_sort\" class=\"bai-viet-moi_sort_button avia_hide_sort\" ><span class=\"inner_sort_button\"><span>B\u00c0I VI\u1ebeT M\u1edaI<\/span><small class='avia-term-count'> 0 <\/small><\/span><\/a><span class='text-sep hoc-lieu_sort_sep avia_hide_sort'>\/<\/span><a href=\"#\" data-filter=\"hoc-lieu_sort\" class=\"hoc-lieu_sort_button avia_hide_sort\" ><span class=\"inner_sort_button\"><span>H\u1eccC LI\u1ec6U<\/span><small class='avia-term-count'> 0 <\/small><\/span><\/a><span class='text-sep kien-thuc_sort_sep avia_show_sort'>\/<\/span><a href=\"#\" data-filter=\"kien-thuc_sort\" class=\"kien-thuc_sort_button avia_show_sort\" ><span class=\"inner_sort_button\"><span>KI\u1ebeN TH\u1ee8C<\/span><small class='avia-term-count'> 7 <\/small><\/span><\/a><span class='text-sep lop-10_sort_sep avia_hide_sort'>\/<\/span><a href=\"#\" data-filter=\"lop-10_sort\" class=\"lop-10_sort_button avia_hide_sort\" ><span class=\"inner_sort_button\"><span>L\u1edaP 10<\/span><small class='avia-term-count'> 0 <\/small><\/span><\/a><span class='text-sep lop-11_sort_sep avia_hide_sort'>\/<\/span><a href=\"#\" data-filter=\"lop-11_sort\" class=\"lop-11_sort_button avia_hide_sort\" ><span class=\"inner_sort_button\"><span>L\u1edaP 11<\/span><small class='avia-term-count'> 0 <\/small><\/span><\/a><span class='text-sep lop-12_sort_sep avia_hide_sort'>\/<\/span><a href=\"#\" data-filter=\"lop-12_sort\" class=\"lop-12_sort_button avia_hide_sort\" ><span class=\"inner_sort_button\"><span>L\u1edaP 12<\/span><small class='avia-term-count'> 0 <\/small><\/span><\/a><span class='text-sep lop-6_sort_sep avia_hide_sort'>\/<\/span><a href=\"#\" data-filter=\"lop-6_sort\" class=\"lop-6_sort_button avia_hide_sort\" ><span class=\"inner_sort_button\"><span>L\u1edaP 6<\/span><small class='avia-term-count'> 0 <\/small><\/span><\/a><span class='text-sep lop-7_sort_sep avia_hide_sort'>\/<\/span><a href=\"#\" data-filter=\"lop-7_sort\" class=\"lop-7_sort_button avia_hide_sort\" ><span class=\"inner_sort_button\"><span>L\u1edaP 7<\/span><small class='avia-term-count'> 0 <\/small><\/span><\/a><span class='text-sep lop-8_sort_sep avia_hide_sort'>\/<\/span><a href=\"#\" data-filter=\"lop-8_sort\" class=\"lop-8_sort_button avia_hide_sort\" ><span class=\"inner_sort_button\"><span>L\u1edaP 8<\/span><small class='avia-term-count'> 0 <\/small><\/span><\/a><span class='text-sep lop-9_sort_sep avia_hide_sort'>\/<\/span><a href=\"#\" data-filter=\"lop-9_sort\" class=\"lop-9_sort_button avia_hide_sort\" ><span class=\"inner_sort_button\"><span>L\u1edaP 9<\/span><small class='avia-term-count'> 0 <\/small><\/span><\/a><span class='text-sep phuong-phap_sort_sep avia_hide_sort'>\/<\/span><a href=\"#\" data-filter=\"phuong-phap_sort\" class=\"phuong-phap_sort_button avia_hide_sort\" ><span class=\"inner_sort_button\"><span>LUY\u1ec6N THI IELTS<\/span><small class='avia-term-count'> 0 <\/small><\/span><\/a><span class='text-sep tai-lieu-phuong-phap_sort_sep avia_show_sort'>\/<\/span><a href=\"#\" data-filter=\"tai-lieu-phuong-phap_sort\" class=\"tai-lieu-phuong-phap_sort_button avia_show_sort\" ><span class=\"inner_sort_button\"><span>T\u00c0I LI\u1ec6U<\/span><small class='avia-term-count'> 7 <\/small><\/span><\/a><span class='text-sep tieng-anh-pho-thong_sort_sep avia_hide_sort'>\/<\/span><a href=\"#\" data-filter=\"tieng-anh-pho-thong_sort\" class=\"tieng-anh-pho-thong_sort_button avia_hide_sort\" ><span class=\"inner_sort_button\"><span>TI\u1ebeNG ANH PH\u1ed4 TH\u00d4NG<\/span><small class='avia-term-count'> 0 <\/small><\/span><\/a><span class='text-sep truyen-dich_sort_sep avia_hide_sort'>\/<\/span><a href=\"#\" data-filter=\"truyen-dich_sort\" class=\"truyen-dich_sort_button avia_hide_sort\" ><span class=\"inner_sort_button\"><span>TRUY\u1ec6N D\u1ecaCH<\/span><small class='avia-term-count'> 0 <\/small><\/span><\/a><span class='text-sep uncategorized_sort_sep avia_hide_sort'>\/<\/span><a href=\"#\" data-filter=\"uncategorized_sort\" class=\"uncategorized_sort_button avia_hide_sort\" ><span class=\"inner_sort_button\"><span>Uncategorized<\/span><small class='avia-term-count'> 0 <\/small><\/span><\/a><\/div><\/div><div class=\"av-masonry-container isotope av-js-disabled\"><div class='av-masonry-entry isotope-item av-masonry-item-no-image all_sort bai-viet-moi_sort  hoc-lieu_sort  kien-thuc_sort  phuong-phap_sort  tai-lieu-phuong-phap_sort  lop-7_sort  lop-8_sort '><\/div><a href=\"https:\/\/tienganhdehoc.com\/?p=866\"  id='av-masonry-1-item-866' data-av-masonry-item='866' class='av-masonry-entry isotope-item post-866 post type-post status-publish format-standard has-post-thumbnail hentry category-bai-viet-moi category-hoc-lieu category-kien-thuc category-phuong-phap category-tai-lieu-phuong-phap all_sort bai-viet-moi_sort  hoc-lieu_sort  kien-thuc_sort  phuong-phap_sort  tai-lieu-phuong-phap_sort  av-masonry-item-with-image av-grid-img' title=\"43017_2021_195_Fig1_HTML\"   itemscope=\"itemscope\" itemtype=\"https:\/\/schema.org\/CreativeWork\" ><div class='av-inner-masonry-sizer'><\/div><figure class='av-inner-masonry main_color'><div class=\"av-masonry-outerimage-container\"><div class='av-masonry-image-container' style=\"background-image: url(https:\/\/tienganhdehoc.com\/wp-content\/uploads\/2024\/10\/43017_2021_195_Fig1_HTML-705x385.png);\"  title=\"43017_2021_195_Fig1_HTML\" ><\/div><\/div><figcaption class='av-inner-masonry-content site-background'><div class='av-inner-masonry-content-pos'><div class='av-inner-masonry-content-pos-content'><div class='avia-arrow'><\/div><h3 class='av-masonry-entry-title entry-title '  itemprop=\"headline\" >B\u00e0i nghe v\u1ec1 River and Coastal Floodings<\/h3><div class='av-masonry-entry-content entry-content'  itemprop=\"text\" >Hai clip ng\u1eafn d\u01b0\u1edbi \u0111\u00e2y d\u00e0nh cho c\u00e1c em h\u1ecdc sinh c\u1ea5p\u2026<\/div><span class=\"av-masonry-text-sep text-sep-author\">\/<\/span><span class='av-masonry-author meta-color author'><span class='fn'>by admin<\/span><\/span><\/div><\/div><\/figcaption><\/figure><\/a><!--end av-masonry entry--><a href=\"https:\/\/tienganhdehoc.com\/?p=861\"  id='av-masonry-1-item-861' data-av-masonry-item='861' class='av-masonry-entry isotope-item post-861 post type-post status-publish format-standard has-post-thumbnail hentry category-bai-viet-moi category-hoc-lieu category-kien-thuc all_sort bai-viet-moi_sort  hoc-lieu_sort  kien-thuc_sort  av-masonry-item-with-image av-grid-img' title=\"maxresdefault\"   itemscope=\"itemscope\" itemtype=\"https:\/\/schema.org\/CreativeWork\" ><div class='av-inner-masonry-sizer'><\/div><figure class='av-inner-masonry main_color'><div class=\"av-masonry-outerimage-container\"><div class='av-masonry-image-container' style=\"background-image: url(https:\/\/tienganhdehoc.com\/wp-content\/uploads\/2024\/10\/maxresdefault-705x397.jpg);\"  title=\"maxresdefault\" ><\/div><\/div><figcaption class='av-inner-masonry-content site-background'><div class='av-inner-masonry-content-pos'><div class='av-inner-masonry-content-pos-content'><div class='avia-arrow'><\/div><h3 class='av-masonry-entry-title entry-title '  itemprop=\"headline\" >B\u00e0i nghe Supply and Demand in Economics<\/h3><div class='av-masonry-entry-content entry-content'  itemprop=\"text\" >D\u00f9ng ti\u1ebfng Anh \u0111\u1ec3 h\u1ecdc c\u00e1c m\u00f4n h\u1ecdc kh\u00e1c, t\u00ecm hi\u1ec3u\u2026<\/div><span class=\"av-masonry-text-sep text-sep-author\">\/<\/span><span class='av-masonry-author meta-color author'><span class='fn'>by admin<\/span><\/span><\/div><\/div><\/figcaption><\/figure><\/a><!--end av-masonry entry--><a href=\"https:\/\/tienganhdehoc.com\/?p=846\"  id='av-masonry-1-item-846' data-av-masonry-item='846' class='av-masonry-entry isotope-item post-846 post type-post status-publish format-standard has-post-thumbnail hentry category-bai-viet-moi category-hoc-lieu category-kien-thuc category-phuong-phap category-tai-lieu-phuong-phap all_sort bai-viet-moi_sort  hoc-lieu_sort  kien-thuc_sort  phuong-phap_sort  tai-lieu-phuong-phap_sort  av-masonry-item-with-image av-grid-img' title=\"Screenshot_20241015_100541_Chrome\"   itemscope=\"itemscope\" itemtype=\"https:\/\/schema.org\/CreativeWork\" ><div class='av-inner-masonry-sizer'><\/div><figure class='av-inner-masonry main_color'><div class=\"av-masonry-outerimage-container\"><div class='av-masonry-image-container' style=\"background-image: url(https:\/\/tienganhdehoc.com\/wp-content\/uploads\/2024\/10\/Screenshot_20241015_100541_Chrome-705x330.jpg);\"  title=\"Screenshot_20241015_100541_Chrome\" ><\/div><\/div><figcaption class='av-inner-masonry-content site-background'><div class='av-inner-masonry-content-pos'><div class='av-inner-masonry-content-pos-content'><div class='avia-arrow'><\/div><h3 class='av-masonry-entry-title entry-title '  itemprop=\"headline\" >T\u1eeb v\u1ef1ng v\u00e0 n\u1ed9i dung b\u00e0i Reading 2 IELTS Cambridge 7<\/h3><div class='av-masonry-entry-content entry-content'  itemprop=\"text\" >D\u01b0\u1edbi \u0111\u00e2y l\u00e0 danh s\u00e1ch t\u1eeb, c\u1ea5u tr\u00fac, idiom v\u00e0 d\u1ecbch\u2026<\/div><span class=\"av-masonry-text-sep text-sep-author\">\/<\/span><span class='av-masonry-author meta-color author'><span class='fn'>by admin<\/span><\/span><\/div><\/div><\/figcaption><\/figure><\/a><!--end av-masonry entry--><a href=\"https:\/\/tienganhdehoc.com\/?p=836\"  id='av-masonry-1-item-836' data-av-masonry-item='836' class='av-masonry-entry isotope-item post-836 post type-post status-publish format-standard has-post-thumbnail hentry category-bai-viet-moi category-hoc-lieu category-tai-lieu-phuong-phap all_sort bai-viet-moi_sort  hoc-lieu_sort  tai-lieu-phuong-phap_sort  av-masonry-item-with-image av-grid-img' title=\"7\"   itemscope=\"itemscope\" itemtype=\"https:\/\/schema.org\/CreativeWork\" ><div class='av-inner-masonry-sizer'><\/div><figure class='av-inner-masonry main_color'><div class=\"av-masonry-outerimage-container\"><div class='av-masonry-image-container' style=\"background-image: url(https:\/\/tienganhdehoc.com\/wp-content\/uploads\/2024\/10\/7-498x705.jpg);\"  title=\"7\" ><\/div><\/div><figcaption class='av-inner-masonry-content site-background'><div class='av-inner-masonry-content-pos'><div class='av-inner-masonry-content-pos-content'><div class='avia-arrow'><\/div><h3 class='av-masonry-entry-title entry-title '  itemprop=\"headline\" >T\u1ea1p ch\u00ed Hot English s\u1ed1 th\u00e1ng 10.2024<\/h3><div class='av-masonry-entry-content entry-content'  itemprop=\"text\" >B\u1ea3n PDF \u0111\u1eb9p t\u1ea1p ch\u00ed Hot English s\u1ed1 th\u00e1ng 10.2024.\u2026<\/div><span class=\"av-masonry-text-sep text-sep-author\">\/<\/span><span class='av-masonry-author meta-color author'><span class='fn'>by admin<\/span><\/span><\/div><\/div><\/figcaption><\/figure><\/a><!--end av-masonry entry--><a href=\"https:\/\/tienganhdehoc.com\/?p=813\"  id='av-masonry-1-item-813' data-av-masonry-item='813' class='av-masonry-entry isotope-item post-813 post type-post status-publish format-standard has-post-thumbnail hentry category-bai-viet-moi category-hoc-lieu category-kien-thuc category-phuong-phap category-tai-lieu-phuong-phap all_sort bai-viet-moi_sort  hoc-lieu_sort  kien-thuc_sort  phuong-phap_sort  tai-lieu-phuong-phap_sort  av-masonry-item-with-image av-grid-img' title=\"bia 1 &#8211; 2\"   itemscope=\"itemscope\" itemtype=\"https:\/\/schema.org\/CreativeWork\" ><div class='av-inner-masonry-sizer'><\/div><figure class='av-inner-masonry main_color'><div class=\"av-masonry-outerimage-container\"><div class='av-masonry-image-container' style=\"background-image: url(https:\/\/tienganhdehoc.com\/wp-content\/uploads\/2024\/10\/bia-1-2-705x321.jpg);\"  title=\"bia 1 &#8211; 2\" ><\/div><\/div><figcaption class='av-inner-masonry-content site-background'><div class='av-inner-masonry-content-pos'><div class='av-inner-masonry-content-pos-content'><div class='avia-arrow'><\/div><h3 class='av-masonry-entry-title entry-title '  itemprop=\"headline\" >T\u1eeb v\u1ef1ng v\u00e0 n\u1ed9i dung b\u00e0i Reading 1 IELTS Cambridge 7<\/h3><div class='av-masonry-entry-content entry-content'  itemprop=\"text\" >D\u01b0\u1edbi \u0111\u00e2y l\u00e0 danh s\u00e1ch t\u1eeb m\u1edbi h\u1ecdc thu\u1eadt, c\u00e1c\u2026<\/div><span class=\"av-masonry-text-sep text-sep-author\">\/<\/span><span class='av-masonry-author meta-color author'><span class='fn'>by admin<\/span><\/span><\/div><\/div><\/figcaption><\/figure><\/a><!--end av-masonry entry--><a href=\"https:\/\/tienganhdehoc.com\/?p=795\"  id='av-masonry-1-item-795' data-av-masonry-item='795' class='av-masonry-entry isotope-item post-795 post type-post status-publish format-standard has-post-thumbnail hentry category-bai-viet-moi category-hoc-lieu category-kien-thuc all_sort bai-viet-moi_sort  hoc-lieu_sort  kien-thuc_sort  av-masonry-item-with-image av-grid-img' title=\"Screenshot_20240925_075830_Adobe Acrobat\"   itemscope=\"itemscope\" itemtype=\"https:\/\/schema.org\/CreativeWork\" ><div class='av-inner-masonry-sizer'><\/div><figure class='av-inner-masonry main_color'><div class=\"av-masonry-outerimage-container\"><div class='av-masonry-image-container' style=\"background-image: url(https:\/\/tienganhdehoc.com\/wp-content\/uploads\/2024\/09\/Screenshot_20240925_075830_Adobe-Acrobat-550x705.jpg);\"  title=\"Screenshot_20240925_075830_Adobe Acrobat\" ><\/div><\/div><figcaption class='av-inner-masonry-content site-background'><div class='av-inner-masonry-content-pos'><div class='av-inner-masonry-content-pos-content'><div class='avia-arrow'><\/div><h3 class='av-masonry-entry-title entry-title '  itemprop=\"headline\" >T\u1ea1p ch\u00ed Science News Explores s\u1ed1 th\u00e1ng 9.2024<\/h3><div class='av-masonry-entry-content entry-content'  itemprop=\"text\" >Science News Explores (tr\u01b0\u1edbc \u0111\u00e2y \u0111\u01b0\u1ee3c bi\u1ebft \u0111\u1ebfn\u2026<\/div><span class=\"av-masonry-text-sep text-sep-author\">\/<\/span><span class='av-masonry-author meta-color author'><span class='fn'>by admin<\/span><\/span><\/div><\/div><\/figcaption><\/figure><\/a><!--end av-masonry entry--><a href=\"https:\/\/tienganhdehoc.com\/?p=792\"  id='av-masonry-1-item-792' data-av-masonry-item='792' class='av-masonry-entry isotope-item post-792 post type-post status-publish format-standard has-post-thumbnail hentry category-bai-viet-moi category-kien-thuc category-phuong-phap all_sort bai-viet-moi_sort  kien-thuc_sort  phuong-phap_sort  av-masonry-item-with-image av-grid-img' title=\"Radio-and-TV\"   itemscope=\"itemscope\" itemtype=\"https:\/\/schema.org\/CreativeWork\" ><div class='av-inner-masonry-sizer'><\/div><figure class='av-inner-masonry main_color'><div class=\"av-masonry-outerimage-container\"><div class='av-masonry-image-container' style=\"background-image: url(https:\/\/tienganhdehoc.com\/wp-content\/uploads\/2024\/09\/Radio-and-TV-705x489.png);\"  title=\"Radio-and-TV\" ><\/div><\/div><figcaption class='av-inner-masonry-content site-background'><div class='av-inner-masonry-content-pos'><div class='av-inner-masonry-content-pos-content'><div class='avia-arrow'><\/div><h3 class='av-masonry-entry-title entry-title '  itemprop=\"headline\" >H\u01b0\u1edbng d\u1eabn vi\u1ebft c\u00e2u m\u1edf b\u00e0i &#8211; Introduction<\/h3><div class='av-masonry-entry-content entry-content'  itemprop=\"text\" >\u0110\u1ec1 b\u00e0i: The graph below shows radio and television audiences\u2026<\/div><span class=\"av-masonry-text-sep text-sep-author\">\/<\/span><span class='av-masonry-author meta-color author'><span class='fn'>by admin<\/span><\/span><\/div><\/div><\/figcaption><\/figure><\/a><!--end av-masonry entry--><a href=\"https:\/\/tienganhdehoc.com\/?p=789\"  id='av-masonry-1-item-789' data-av-masonry-item='789' class='av-masonry-entry isotope-item post-789 post type-post status-publish format-standard has-post-thumbnail hentry category-bai-viet-moi category-hoc-lieu category-kien-thuc category-phuong-phap all_sort bai-viet-moi_sort  hoc-lieu_sort  kien-thuc_sort  phuong-phap_sort  av-masonry-item-with-image av-grid-img' title=\"consumption-of-spreads-line-graph\"   itemscope=\"itemscope\" itemtype=\"https:\/\/schema.org\/CreativeWork\" ><div class='av-inner-masonry-sizer'><\/div><figure class='av-inner-masonry main_color'><div class=\"av-masonry-outerimage-container\"><div class='av-masonry-image-container' style=\"background-image: url(https:\/\/tienganhdehoc.com\/wp-content\/uploads\/2024\/09\/consumption-of-spreads-line-graph.jpg);\"  title=\"consumption-of-spreads-line-graph\" ><\/div><\/div><figcaption class='av-inner-masonry-content site-background'><div class='av-inner-masonry-content-pos'><div class='av-inner-masonry-content-pos-content'><div class='avia-arrow'><\/div><h3 class='av-masonry-entry-title entry-title '  itemprop=\"headline\" >Line graph advice in Task 1<\/h3><div class='av-masonry-entry-content entry-content'  itemprop=\"text\" >Ch\u00fa \u00fd khi vi\u1ebft b\u00e0i Task 1 v\u1ec1 Line Graph<\/div><span class=\"av-masonry-text-sep text-sep-author\">\/<\/span><span class='av-masonry-author meta-color author'><span class='fn'>by admin<\/span><\/span><\/div><\/div><\/figcaption><\/figure><\/a><!--end av-masonry entry--><a href=\"https:\/\/tienganhdehoc.com\/?p=776\"  id='av-masonry-1-item-776' data-av-masonry-item='776' class='av-masonry-entry isotope-item post-776 post type-post status-publish format-standard has-post-thumbnail hentry category-bai-viet-moi category-hoc-lieu category-lop-7 category-lop-8 category-phuong-phap category-tai-lieu-phuong-phap all_sort bai-viet-moi_sort  hoc-lieu_sort  lop-7_sort  lop-8_sort  phuong-phap_sort  tai-lieu-phuong-phap_sort  av-masonry-item-with-image av-grid-img' title=\"genres-jazz-blues-listing-image\"   itemscope=\"itemscope\" itemtype=\"https:\/\/schema.org\/CreativeWork\" ><div class='av-inner-masonry-sizer'><\/div><figure class='av-inner-masonry main_color'><div class=\"av-masonry-outerimage-container\"><div class='av-masonry-image-container' style=\"background-image: url(https:\/\/tienganhdehoc.com\/wp-content\/uploads\/2024\/09\/genres-jazz-blues-listing-image-705x705.jpg);\"  title=\"genres-jazz-blues-listing-image\" ><\/div><\/div><figcaption class='av-inner-masonry-content site-background'><div class='av-inner-masonry-content-pos'><div class='av-inner-masonry-content-pos-content'><div class='avia-arrow'><\/div><h3 class='av-masonry-entry-title entry-title '  itemprop=\"headline\" >B\u00e0i \u0111\u1ecdc Blues and Jazz<\/h3><div class='av-masonry-entry-content entry-content'  itemprop=\"text\" >B\u00e0i \u0111\u1ecdc v\u1ec1 ngu\u1ed3n g\u1ed1c nh\u1ea1c Blues and Jazz<\/div><span class=\"av-masonry-text-sep text-sep-author\">\/<\/span><span class='av-masonry-author meta-color author'><span class='fn'>by admin<\/span><\/span><\/div><\/div><\/figcaption><\/figure><\/a><!--end av-masonry entry--><a href=\"https:\/\/tienganhdehoc.com\/?p=774\"  id='av-masonry-1-item-774' data-av-masonry-item='774' class='av-masonry-entry isotope-item post-774 post type-post status-publish format-standard has-post-thumbnail hentry category-bai-viet-moi category-hoc-lieu category-phuong-phap category-tai-lieu-phuong-phap all_sort bai-viet-moi_sort  hoc-lieu_sort  phuong-phap_sort  tai-lieu-phuong-phap_sort  av-masonry-item-with-image av-grid-img' title=\"package-inside-Reading-\"   itemscope=\"itemscope\" itemtype=\"https:\/\/schema.org\/CreativeWork\" ><div class='av-inner-masonry-sizer'><\/div><figure class='av-inner-masonry main_color'><div class=\"av-masonry-outerimage-container\"><div class='av-masonry-image-container' style=\"background-image: url(https:\/\/tienganhdehoc.com\/wp-content\/uploads\/2024\/09\/package-inside-Reading-.jpg);\"  title=\"package-inside-Reading-\" ><\/div><\/div><figcaption class='av-inner-masonry-content site-background'><div class='av-inner-masonry-content-pos'><div class='av-inner-masonry-content-pos-content'><div class='avia-arrow'><\/div><h3 class='av-masonry-entry-title entry-title '  itemprop=\"headline\" >B\u1ed9 s\u00e1ch luy\u1ec7n \u0111\u1ecdc hi\u1ec3u Inside Reading<\/h3><div class='av-masonry-entry-content entry-content'  itemprop=\"text\" >B\u1ed9 s\u00e1ch kinh \u0111i\u1ec3n luy\u1ec7n \u0111\u1ecdc hi\u1ec3u IELTS<\/div><span class=\"av-masonry-text-sep text-sep-author\">\/<\/span><span class='av-masonry-author meta-color author'><span class='fn'>by admin<\/span><\/span><\/div><\/div><\/figcaption><\/figure><\/a><!--end av-masonry entry--><a href=\"https:\/\/tienganhdehoc.com\/?p=736\"  id='av-masonry-1-item-736' data-av-masonry-item='736' class='av-masonry-entry isotope-item post-736 post type-post status-publish format-standard has-post-thumbnail hentry category-bai-viet-moi category-hoc-lieu category-phuong-phap category-tai-lieu-phuong-phap all_sort bai-viet-moi_sort  hoc-lieu_sort  phuong-phap_sort  tai-lieu-phuong-phap_sort  av-masonry-item-with-image av-grid-img' title=\"English-collocation-in-Use\"   itemscope=\"itemscope\" itemtype=\"https:\/\/schema.org\/CreativeWork\" ><div class='av-inner-masonry-sizer'><\/div><figure class='av-inner-masonry main_color'><div class=\"av-masonry-outerimage-container\"><div class='av-masonry-image-container' style=\"background-image: url(https:\/\/tienganhdehoc.com\/wp-content\/uploads\/2024\/09\/English-collocation-in-Use-705x470.png);\"  title=\"English-collocation-in-Use\" ><\/div><\/div><figcaption class='av-inner-masonry-content site-background'><div class='av-inner-masonry-content-pos'><div class='av-inner-masonry-content-pos-content'><div class='avia-arrow'><\/div><h3 class='av-masonry-entry-title entry-title '  itemprop=\"headline\" >B\u1ed9 s\u00e1ch English Collocation In Use (Intermediate and Advanced Level)<\/h3><div class='av-masonry-entry-content entry-content'  itemprop=\"text\" >B\u1ed9 s\u00e1ch\u00a0English Collocation In Use\u00a0t\u1ed5ng h\u1ee3p c\u00e1c collocation\u2026<\/div><span class=\"av-masonry-text-sep text-sep-author\">\/<\/span><span class='av-masonry-author meta-color author'><span class='fn'>by admin<\/span><\/span><\/div><\/div><\/figcaption><\/figure><\/a><!--end av-masonry entry--><\/div><a class='av-masonry-pagination av-masonry-load-more' href='#load-more'  data-link='category, 26,27'  data-term_rel='IN'  data-wc_prod_visible=''  data-wc_prod_hidden='hide'  data-wc_prod_featured=''  data-prod_order_by=''  data-prod_order=''  data-date_filter=''  data-date_filter_start=''  data-date_filter_end=''  data-date_filter_format='yy\/mm\/dd'  data-period_filter_unit_1='1'  data-period_filter_unit_2='year'  data-page_element_filter=''  data-sort='yes-tax'  data-query_orderby='date'  data-query_order='DESC'  data-caption_elements='title excerpt'  data-caption_styling=''  data-caption_display='always'  data-img_copyright=''  data-size='fixed manually'  data-orientation=''  data-image_size='masonry'  data-gap='large'  data-columns='flexible'  data-av-desktop-columns=''  data-av-medium-columns=''  data-av-small-columns=''  data-av-mini-columns=''  data-items='11'  data-paginate='load_more'  data-color=''  data-custom_bg=''  data-img_copyright_font=''  data-av-desktop-font-img_copyright_font=''  data-av-medium-font-img_copyright_font=''  data-av-small-font-img_copyright_font=''  data-av-mini-font-img_copyright_font=''  data-img_copyright_color=''  data-img_copyright_bg=''  data-animation='active'  data-animation_duration=''  data-animation_custom_bg_color=''  data-animation_custom_bg_color_multi_list=''  data-animation_z_index_curtain='100'  data-overlay_fx='active'  data-img_scrset=''  data-lazy_loading='disabled'  data-av-desktop-hide=''  data-av-medium-hide=''  data-av-small-hide=''  data-av-mini-hide=''  data-alb_description=''  data-id=''  data-custom_class=''  data-template_class=''  data-av_uid='av-stmm'  data-sc_version='1.0'  data-ids=''  data-action=''  data-post_type='post, page, attachment, revision, nav_menu_item, custom_css, customize_changeset, oembed_cache, user_request, wp_block, wp_template, wp_template_part, wp_global_styles, wp_navigation, wp_font_family, wp_font_face, alb_custom_layout, portfolio, avia_framework_post'  data-offset='0'  data-container_links='active'  data-link_dest=''  data-lightbox_text=''  data-container_class='av-masonry-entries'  data-auto_ratio='1.7'  data-set_breadcrumb='1'  data-custom_markup=''  data-taxonomy='category'  data-categories='26,27'  data-avno='9e2b05e8ac'>Load more<\/a><\/div>\n","protected":false},"excerpt":{"rendered":"","protected":false},"author":1,"featured_media":0,"parent":0,"menu_order":0,"comment_status":"open","ping_status":"closed","template":"","meta":{"footnotes":""},"class_list":["post-492","page","type-page","status-publish","hentry"],"_links":{"self":[{"href":"https:\/\/tienganhdehoc.com\/index.php?rest_route=\/wp\/v2\/pages\/492","targetHints":{"allow":["GET"]}}],"collection":[{"href":"https:\/\/tienganhdehoc.com\/index.php?rest_route=\/wp\/v2\/pages"}],"about":[{"href":"https:\/\/tienganhdehoc.com\/index.php?rest_route=\/wp\/v2\/types\/page"}],"author":[{"embeddable":true,"href":"https:\/\/tienganhdehoc.com\/index.php?rest_route=\/wp\/v2\/users\/1"}],"replies":[{"embeddable":true,"href":"https:\/\/tienganhdehoc.com\/index.php?rest_route=%2Fwp%2Fv2%2Fcomments&post=492"}],"version-history":[{"count":4,"href":"https:\/\/tienganhdehoc.com\/index.php?rest_route=\/wp\/v2\/pages\/492\/revisions"}],"predecessor-version":[{"id":572,"href":"https:\/\/tienganhdehoc.com\/index.php?rest_route=\/wp\/v2\/pages\/492\/revisions\/572"}],"wp:attachment":[{"href":"https:\/\/tienganhdehoc.com\/index.php?rest_route=%2Fwp%2Fv2%2Fmedia&parent=492"}],"curies":[{"name":"wp","href":"https:\/\/api.w.org\/{rel}","templated":true}]}}