{"id":65,"date":"2014-08-25T14:08:41","date_gmt":"2014-08-25T14:08:41","guid":{"rendered":"http:\/\/192.168.1.104\/enfold-photography\/?page_id=2"},"modified":"2024-09-18T07:43:22","modified_gmt":"2024-09-18T07:43:22","slug":"frontpage","status":"publish","type":"page","link":"https:\/\/tienganhdehoc.com\/","title":{"rendered":"TRANG CH\u1ee6"},"content":{"rendered":"<div   class='avia-fullscreen-slider main_color   avia-builder-el-0  el_before_av_heading  avia-builder-el-first  container_wrap fullsize'  >\n<style type=\"text\/css\" data-created_by=\"avia_inline_auto\" id=\"style-css-av-2i0hd-63c96fef9db0c47c8beacbeb3c607bae\">\n#top #wrap_all .avia-slideshow .av-slideshow-caption.av-2i0hd-63c96fef9db0c47c8beacbeb3c607bae__0 .avia-caption-title{\nfont-size:70px;\n}\n#top .avia-slideshow .av-slideshow-caption.av-2i0hd-63c96fef9db0c47c8beacbeb3c607bae__0 .avia-caption-content{\nfont-size:36px;\n}\n#top .avia-slideshow .av-slideshow-caption.av-2i0hd-63c96fef9db0c47c8beacbeb3c607bae__0 .avia-caption-content p{\nfont-size:36px;\n}\n<\/style>\n<div  class='avia-slideshow av-2i0hd-63c96fef9db0c47c8beacbeb3c607bae avia-slideshow-extra_large av_fullscreen avia-fade-slider av-slideshow-ui av-control-hidden av-no-slider-navigation av-hide-nav-arrows av-slideshow-autoplay av-loop-endless av-loop-manual-endless av-default-height-applied   avia-slideshow-1' data-slideshow-options=\"{&quot;animation&quot;:&quot;fade&quot;,&quot;autoplay&quot;:true,&quot;loop_autoplay&quot;:&quot;endless&quot;,&quot;interval&quot;:5,&quot;loop_manual&quot;:&quot;manual-endless&quot;,&quot;autoplay_stopper&quot;:false,&quot;noNavigation&quot;:true,&quot;bg_slider&quot;:true,&quot;keep_padding&quot;:false,&quot;hoverpause&quot;:false,&quot;show_slide_delay&quot;:0,&quot;slide_height&quot;:&quot;100&quot;,&quot;image_attachment&quot;:&quot;&quot;}\"  itemprop=\"image\" itemscope=\"itemscope\" itemtype=\"https:\/\/schema.org\/ImageObject\" ><ul class='avia-slideshow-inner ' style='padding-bottom: 150%;'><li style='background-position:center center;' data-img-url='https:\/\/tienganhdehoc.com\/wp-content\/uploads\/2024\/09\/header-background-1000x1500.jpg' class='avia-slideshow-slide av-2i0hd-63c96fef9db0c47c8beacbeb3c607bae__0  slide-1 slide-odd'><div data-rel='slideshow-1' class='avia-slide-wrap '   ><\/div><\/li><li style='background-position:bottom center;' data-img-url='https:\/\/tienganhdehoc.com\/wp-content\/uploads\/2024\/09\/bg1-1-1500x841.jpg' class='avia-slideshow-slide av-2i0hd-63c96fef9db0c47c8beacbeb3c607bae__1  slide-2 slide-even'><div data-rel='slideshow-1' class='avia-slide-wrap '   ><\/div><\/li><li style='background-position:bottom center;' data-img-url='https:\/\/tienganhdehoc.com\/wp-content\/uploads\/2024\/09\/bg2-1-1500x841.jpg' class='avia-slideshow-slide av-2i0hd-63c96fef9db0c47c8beacbeb3c607bae__2  slide-3 slide-odd'><div data-rel='slideshow-1' class='avia-slide-wrap '   ><\/div><\/li><\/ul><div class='avia-slideshow-arrows avia-slideshow-controls' ><a href='#prev' class='prev-slide ' aria-hidden='true' data-av_icon='\ue87c' data-av_iconfont='entypo-fontello'  tabindex='-1'>Previous<\/a><a href='#next' class='next-slide ' aria-hidden='true' data-av_icon='\ue87d' data-av_iconfont='entypo-fontello'  tabindex='-1'>Next<\/a><\/div><div class='av-slideshow-caption av-2i0hd-63c96fef9db0c47c8beacbeb3c607bae__0 caption_fullwidth caption_center'><div class=\"container caption_container\"><div class=\"slideshow_caption\"><div class=\"slideshow_inner_caption\"><div class=\"slideshow_align_caption\"><h2 class='avia-caption-title '  itemprop=\"name\" >H\u1eccC TI\u1ebeNG ANH<\/h2><div class='avia-caption-content '  itemprop=\"description\" ><p>C\u00d9NG MR. \u0110\u1ee8C L\u00ca<\/p>\n<\/div><a href='https:\/\/tienganhdehoc.com\/?page_id=21'  class='avia-slideshow-button avia-button avia-color-theme-color avia-multi-slideshow-button' data-duration='800' data-easing='easeInOutQuad'>GI\u1edaI THI\u1ec6U<\/a><a href='https:\/\/tienganhdehoc.com\/?page_id=23'  class='avia-slideshow-button avia-button avia-color-light avia-multi-slideshow-button avia-slideshow-button-2' data-duration='800' data-easing='easeInOutQuad'>LI\u00caN H\u1ec6<\/a><\/div><\/div><\/div><\/div><\/div><\/div><\/div><div id='after_full_slider_1'  class='main_color av_default_container_wrap container_wrap fullsize'  ><div class='container av-section-cont-open' ><div class='template-page content  av-content-full alpha units'><div class='post-entry post-entry-type-page post-entry-65'><div class='entry-content-wrapper clearfix'>\n\n<style type=\"text\/css\" data-created_by=\"avia_inline_auto\" id=\"style-css-av-m17k3a3x-621d1924671fc07918864fc23d7fadde\">\n#top .av-special-heading.av-m17k3a3x-621d1924671fc07918864fc23d7fadde{\npadding-bottom:10px;\n}\nbody .av-special-heading.av-m17k3a3x-621d1924671fc07918864fc23d7fadde .av-special-heading-tag .heading-char{\nfont-size:25px;\n}\n.av-special-heading.av-m17k3a3x-621d1924671fc07918864fc23d7fadde .av-subheading{\nfont-size:15px;\n}\n<\/style>\n<div  class='av-special-heading av-m17k3a3x-621d1924671fc07918864fc23d7fadde av-special-heading-h3  avia-builder-el-1  el_after_av_fullscreen  el_before_av_masonry_entries  avia-builder-el-no-sibling '><h3 class='av-special-heading-tag '  itemprop=\"headline\"  >B\u00c0I VI\u1ebeT M\u1edaI<\/h3><div class=\"special-heading-border\"><div class=\"special-heading-inner-border\"><\/div><\/div><\/div>\n<div id='av-masonry-1' class='av-masonry av-uzy1-aa69f703760deb2844a7f63039e98568 noHover av-fixed-size av-large-gap av-hover-overlay-active av-masonry-animation-active av-masonry-col-5 av-caption-always av-caption-style-overlay av-masonry-entries av-desktop-columns-overwrite av-desktop-columns-5 ' data-post_id=\"65\"><div class=\"av-masonry-container isotope av-js-disabled\"><div class='av-masonry-entry isotope-item av-masonry-item-no-image all_sort bai-viet-moi_sort  lop-7_sort  hoc-lieu_sort  kien-thuc_sort  phuong-phap_sort  tai-lieu-phuong-phap_sort '><\/div><a href=\"https:\/\/tienganhdehoc.com\/?p=885\"  id='av-masonry-1-item-885' data-av-masonry-item='885' class='av-masonry-entry isotope-item post-885 post type-post status-publish format-standard has-post-thumbnail hentry category-bai-viet-moi category-lop-7 all_sort bai-viet-moi_sort  lop-7_sort  av-masonry-item-with-image av-grid-img' title=\"maxresdefault\"   itemscope=\"itemscope\" itemtype=\"https:\/\/schema.org\/CreativeWork\" ><div class='av-inner-masonry-sizer'><\/div><figure class='av-inner-masonry main_color'><div class=\"av-masonry-outerimage-container\"><div class='av-masonry-image-container' style=\"background-image: url(https:\/\/tienganhdehoc.com\/wp-content\/uploads\/2024\/11\/maxresdefault-705x397.jpg);\"  title=\"maxresdefault\" ><\/div><\/div><figcaption class='av-inner-masonry-content site-background'><div class='av-inner-masonry-content-pos'><div class='av-inner-masonry-content-pos-content'><div class='avia-arrow'><\/div><h3 class='av-masonry-entry-title entry-title '  itemprop=\"headline\" >English 7 &#8211; Unit 4 Music and Arts &#8211; Theory<\/h3><div class='av-masonry-entry-content entry-content'  itemprop=\"text\" >D\u01b0\u1edbi \u0111\u00e2y l\u00e0 ph\u1ea7n T\u1eeb v\u1ef1ng v\u00e0 L\u00fd thuy\u1ebft ng\u1eef\u2026<\/div><span class=\"av-masonry-text-sep text-sep-author\">\/<\/span><span class='av-masonry-author meta-color author'><span class='fn'>by admin<\/span><\/span><\/div><\/div><\/figcaption><\/figure><\/a><!--end av-masonry entry--><a href=\"https:\/\/tienganhdehoc.com\/?p=866\"  id='av-masonry-1-item-866' data-av-masonry-item='866' class='av-masonry-entry isotope-item post-866 post type-post status-publish format-standard has-post-thumbnail hentry category-bai-viet-moi category-hoc-lieu category-kien-thuc category-phuong-phap category-tai-lieu-phuong-phap all_sort bai-viet-moi_sort  hoc-lieu_sort  kien-thuc_sort  phuong-phap_sort  tai-lieu-phuong-phap_sort  av-masonry-item-with-image av-grid-img' title=\"43017_2021_195_Fig1_HTML\"   itemscope=\"itemscope\" itemtype=\"https:\/\/schema.org\/CreativeWork\" ><div class='av-inner-masonry-sizer'><\/div><figure class='av-inner-masonry main_color'><div class=\"av-masonry-outerimage-container\"><div class='av-masonry-image-container' style=\"background-image: url(https:\/\/tienganhdehoc.com\/wp-content\/uploads\/2024\/10\/43017_2021_195_Fig1_HTML-705x385.png);\"  title=\"43017_2021_195_Fig1_HTML\" ><\/div><\/div><figcaption class='av-inner-masonry-content site-background'><div class='av-inner-masonry-content-pos'><div class='av-inner-masonry-content-pos-content'><div class='avia-arrow'><\/div><h3 class='av-masonry-entry-title entry-title '  itemprop=\"headline\" >B\u00e0i nghe v\u1ec1 River and Coastal Floodings<\/h3><div class='av-masonry-entry-content entry-content'  itemprop=\"text\" >Hai clip ng\u1eafn d\u01b0\u1edbi \u0111\u00e2y d\u00e0nh cho c\u00e1c em h\u1ecdc sinh c\u1ea5p\u2026<\/div><span class=\"av-masonry-text-sep text-sep-author\">\/<\/span><span class='av-masonry-author meta-color author'><span class='fn'>by admin<\/span><\/span><\/div><\/div><\/figcaption><\/figure><\/a><!--end av-masonry entry--><a href=\"https:\/\/tienganhdehoc.com\/?p=861\"  id='av-masonry-1-item-861' data-av-masonry-item='861' class='av-masonry-entry isotope-item post-861 post type-post status-publish format-standard has-post-thumbnail hentry category-bai-viet-moi category-hoc-lieu category-kien-thuc all_sort bai-viet-moi_sort  hoc-lieu_sort  kien-thuc_sort  av-masonry-item-with-image av-grid-img' title=\"maxresdefault\"   itemscope=\"itemscope\" itemtype=\"https:\/\/schema.org\/CreativeWork\" ><div class='av-inner-masonry-sizer'><\/div><figure class='av-inner-masonry main_color'><div class=\"av-masonry-outerimage-container\"><div class='av-masonry-image-container' style=\"background-image: url(https:\/\/tienganhdehoc.com\/wp-content\/uploads\/2024\/10\/maxresdefault-705x397.jpg);\"  title=\"maxresdefault\" ><\/div><\/div><figcaption class='av-inner-masonry-content site-background'><div class='av-inner-masonry-content-pos'><div class='av-inner-masonry-content-pos-content'><div class='avia-arrow'><\/div><h3 class='av-masonry-entry-title entry-title '  itemprop=\"headline\" >B\u00e0i nghe Supply and Demand in Economics<\/h3><div class='av-masonry-entry-content entry-content'  itemprop=\"text\" >D\u00f9ng ti\u1ebfng Anh \u0111\u1ec3 h\u1ecdc c\u00e1c m\u00f4n h\u1ecdc kh\u00e1c, t\u00ecm hi\u1ec3u\u2026<\/div><span class=\"av-masonry-text-sep text-sep-author\">\/<\/span><span class='av-masonry-author meta-color author'><span class='fn'>by admin<\/span><\/span><\/div><\/div><\/figcaption><\/figure><\/a><!--end av-masonry entry--><a href=\"https:\/\/tienganhdehoc.com\/?p=846\"  id='av-masonry-1-item-846' data-av-masonry-item='846' class='av-masonry-entry isotope-item post-846 post type-post status-publish format-standard has-post-thumbnail hentry category-bai-viet-moi category-hoc-lieu category-kien-thuc category-phuong-phap category-tai-lieu-phuong-phap all_sort bai-viet-moi_sort  hoc-lieu_sort  kien-thuc_sort  phuong-phap_sort  tai-lieu-phuong-phap_sort  av-masonry-item-with-image av-grid-img' title=\"Screenshot_20241015_100541_Chrome\"   itemscope=\"itemscope\" itemtype=\"https:\/\/schema.org\/CreativeWork\" ><div class='av-inner-masonry-sizer'><\/div><figure class='av-inner-masonry main_color'><div class=\"av-masonry-outerimage-container\"><div class='av-masonry-image-container' style=\"background-image: url(https:\/\/tienganhdehoc.com\/wp-content\/uploads\/2024\/10\/Screenshot_20241015_100541_Chrome-705x330.jpg);\"  title=\"Screenshot_20241015_100541_Chrome\" ><\/div><\/div><figcaption class='av-inner-masonry-content site-background'><div class='av-inner-masonry-content-pos'><div class='av-inner-masonry-content-pos-content'><div class='avia-arrow'><\/div><h3 class='av-masonry-entry-title entry-title '  itemprop=\"headline\" >T\u1eeb v\u1ef1ng v\u00e0 n\u1ed9i dung b\u00e0i Reading 2 IELTS Cambridge 7<\/h3><div class='av-masonry-entry-content entry-content'  itemprop=\"text\" >D\u01b0\u1edbi \u0111\u00e2y l\u00e0 danh s\u00e1ch t\u1eeb, c\u1ea5u tr\u00fac, idiom v\u00e0 d\u1ecbch\u2026<\/div><span class=\"av-masonry-text-sep text-sep-author\">\/<\/span><span class='av-masonry-author meta-color author'><span class='fn'>by admin<\/span><\/span><\/div><\/div><\/figcaption><\/figure><\/a><!--end av-masonry entry--><a href=\"https:\/\/tienganhdehoc.com\/?p=836\"  id='av-masonry-1-item-836' data-av-masonry-item='836' class='av-masonry-entry isotope-item post-836 post type-post status-publish format-standard has-post-thumbnail hentry category-bai-viet-moi category-hoc-lieu category-tai-lieu-phuong-phap all_sort bai-viet-moi_sort  hoc-lieu_sort  tai-lieu-phuong-phap_sort  av-masonry-item-with-image av-grid-img' title=\"7\"   itemscope=\"itemscope\" itemtype=\"https:\/\/schema.org\/CreativeWork\" ><div class='av-inner-masonry-sizer'><\/div><figure class='av-inner-masonry main_color'><div class=\"av-masonry-outerimage-container\"><div class='av-masonry-image-container' style=\"background-image: url(https:\/\/tienganhdehoc.com\/wp-content\/uploads\/2024\/10\/7-498x705.jpg);\"  title=\"7\" ><\/div><\/div><figcaption class='av-inner-masonry-content site-background'><div class='av-inner-masonry-content-pos'><div class='av-inner-masonry-content-pos-content'><div class='avia-arrow'><\/div><h3 class='av-masonry-entry-title entry-title '  itemprop=\"headline\" >T\u1ea1p ch\u00ed Hot English s\u1ed1 th\u00e1ng 10.2024<\/h3><div class='av-masonry-entry-content entry-content'  itemprop=\"text\" >B\u1ea3n PDF \u0111\u1eb9p t\u1ea1p ch\u00ed Hot English s\u1ed1 th\u00e1ng 10.2024.\u2026<\/div><span class=\"av-masonry-text-sep text-sep-author\">\/<\/span><span class='av-masonry-author meta-color author'><span class='fn'>by admin<\/span><\/span><\/div><\/div><\/figcaption><\/figure><\/a><!--end av-masonry entry--><\/div><\/div>\n","protected":false},"excerpt":{"rendered":"","protected":false},"author":1,"featured_media":0,"parent":0,"menu_order":0,"comment_status":"open","ping_status":"open","template":"","meta":{"footnotes":""},"class_list":["post-65","page","type-page","status-publish","hentry"],"_links":{"self":[{"href":"https:\/\/tienganhdehoc.com\/index.php?rest_route=\/wp\/v2\/pages\/65","targetHints":{"allow":["GET"]}}],"collection":[{"href":"https:\/\/tienganhdehoc.com\/index.php?rest_route=\/wp\/v2\/pages"}],"about":[{"href":"https:\/\/tienganhdehoc.com\/index.php?rest_route=\/wp\/v2\/types\/page"}],"author":[{"embeddable":true,"href":"https:\/\/tienganhdehoc.com\/index.php?rest_route=\/wp\/v2\/users\/1"}],"replies":[{"embeddable":true,"href":"https:\/\/tienganhdehoc.com\/index.php?rest_route=%2Fwp%2Fv2%2Fcomments&post=65"}],"version-history":[{"count":15,"href":"https:\/\/tienganhdehoc.com\/index.php?rest_route=\/wp\/v2\/pages\/65\/revisions"}],"predecessor-version":[{"id":764,"href":"https:\/\/tienganhdehoc.com\/index.php?rest_route=\/wp\/v2\/pages\/65\/revisions\/764"}],"wp:attachment":[{"href":"https:\/\/tienganhdehoc.com\/index.php?rest_route=%2Fwp%2Fv2%2Fmedia&parent=65"}],"curies":[{"name":"wp","href":"https:\/\/api.w.org\/{rel}","templated":true}]}}